{"id":7802,"date":"2025-01-20T14:33:54","date_gmt":"2025-01-20T14:33:54","guid":{"rendered":"https:\/\/strafin-cs.com\/?page_id=7802"},"modified":"2025-01-27T10:56:05","modified_gmt":"2025-01-27T10:56:05","slug":"responsibility","status":"publish","type":"page","link":"https:\/\/strafin-cs.com\/es\/responsibility\/","title":{"rendered":"Responsibility"},"content":{"rendered":"\t\t<div data-elementor-type=\"wp-page\" data-elementor-id=\"7802\" class=\"elementor elementor-7802 elementor-1706\" data-elementor-post-type=\"page\">\n\t\t\t\t<div class=\"elementor-element elementor-element-023648b e-flex e-con-boxed e-con e-parent\" data-id=\"023648b\" data-element_type=\"container\" data-e-type=\"container\" data-settings=\"{&quot;background_background&quot;:&quot;classic&quot;}\">\n\t\t\t\t\t<div class=\"e-con-inner\">\n\t\t\t\t\t<\/div>\n\t\t\t\t<\/div>\n\t\t<div class=\"elementor-element elementor-element-4d983ee e-con-full e-flex e-con e-parent\" data-id=\"4d983ee\" data-element_type=\"container\" data-e-type=\"container\">\n\t\t<div class=\"elementor-element elementor-element-47dd41e e-con-full e-flex e-con e-child\" data-id=\"47dd41e\" data-element_type=\"container\" data-e-type=\"container\">\n\t\t<div class=\"elementor-element elementor-element-7c4618e e-con-full e-flex e-con e-child\" data-id=\"7c4618e\" data-element_type=\"container\" data-e-type=\"container\">\n\t\t\t\t<div class=\"elementor-element elementor-element-40fdb8f elementor-widget elementor-widget-heading\" data-id=\"40fdb8f\" data-element_type=\"widget\" data-e-type=\"widget\" data-widget_type=\"heading.default\">\n\t\t\t\t<div class=\"elementor-widget-container\">\n\t\t\t\t\t<h2 class=\"elementor-heading-title elementor-size-default\">Responsabilidad <\/h2>\t\t\t\t<\/div>\n\t\t\t\t<\/div>\n\t\t\t\t<div class=\"elementor-element elementor-element-0187027 elementor-widget elementor-widget-heading\" data-id=\"0187027\" data-element_type=\"widget\" data-e-type=\"widget\" data-widget_type=\"heading.default\">\n\t\t\t\t<div class=\"elementor-widget-container\">\n\t\t\t\t\t<h2 class=\"elementor-heading-title elementor-size-default\">Para las \n<br>\nGeneraciones <br> pr\u00f3ximas \n<\/h2>\t\t\t\t<\/div>\n\t\t\t\t<\/div>\n\t\t\t\t<\/div>\n\t\t<div class=\"elementor-element elementor-element-4bc5b61 e-con-full elementor-hidden-mobile e-flex e-con e-child\" data-id=\"4bc5b61\" data-element_type=\"container\" data-e-type=\"container\">\n\t\t\t\t<div class=\"elementor-element elementor-element-164c60b elementor-widget elementor-widget-button\" data-id=\"164c60b\" data-element_type=\"widget\" data-e-type=\"widget\" data-widget_type=\"button.default\">\n\t\t\t\t<div class=\"elementor-widget-container\">\n\t\t\t\t\t\t\t\t\t<div class=\"elementor-button-wrapper\">\n\t\t\t\t\t<a class=\"elementor-button elementor-button-link elementor-size-xs elementor-animation-shrink\" href=\"mailto:team@strafin-cs.com\">\n\t\t\t\t\t\t<span class=\"elementor-button-content-wrapper\">\n\t\t\t\t\t\t\t\t\t<span class=\"elementor-button-text\">CONTACTO<\/span>\n\t\t\t\t\t<\/span>\n\t\t\t\t\t<\/a>\n\t\t\t\t<\/div>\n\t\t\t\t\t\t\t\t<\/div>\n\t\t\t\t<\/div>\n\t\t\t\t<\/div>\n\t\t\t\t<\/div>\n\t\t<div class=\"elementor-element elementor-element-01be72b e-con-full elementor-hidden-tablet e-flex e-con e-child\" data-id=\"01be72b\" data-element_type=\"container\" data-e-type=\"container\">\n\t\t\t\t<div class=\"elementor-element elementor-element-7aae92d elementor-widget elementor-widget-text-editor\" data-id=\"7aae92d\" data-element_type=\"widget\" data-e-type=\"widget\" data-widget_type=\"text-editor.default\">\n\t\t\t\t<div class=\"elementor-widget-container\">\n\t\t\t\t\t\t\t\t\t<p>Hoy en d\u00eda, las inversiones deben ser sostenibles en muchos aspectos, no s\u00f3lo para garantizar el \u00e9xito econ\u00f3mico, sino tambi\u00e9n para cumplir nuestra responsabilidad con la sociedad y el medio ambiente. Esto requiere una estrategia coherente que integre sistem\u00e1ticamente los aspectos ecol\u00f3gicos y sociales en las decisiones y acciones cotidianas. Perseguimos el objetivo de que nuestras inversiones sean sostenibles no s\u00f3lo desde el punto de vista financiero, sino tambi\u00e9n por su trascendencia social y ecol\u00f3gica.\u00a0<\/p><p>EANARO es un socio importante en este empe\u00f1o, con el que ya hemos puesto en marcha numerosos proyectos de \u00e9xito. Esta colaboraci\u00f3n demuestra c\u00f3mo una estrecha asociaci\u00f3n puede armonizar los objetivos empresariales y los intereses de los empleados. Estamos convencidos de que el \u00e9xito sostenible s\u00f3lo puede lograrse mediante un compromiso firme y conjunto, en beneficio tanto de la empresa como de la sociedad.\u00a0<\/p>\t\t\t\t\t\t\t\t<\/div>\n\t\t\t\t<\/div>\n\t\t\t\t<\/div>\n\t\t\t\t<\/div>\n\t\t\t\t<\/div>\n\t\t","protected":false},"excerpt":{"rendered":"<p>Responsabilidad Para las Generaciones pr\u00f3ximas CONTACTO Hoy en d\u00eda, las inversiones deben ser sostenibles en muchos aspectos, no s\u00f3lo para garantizar el \u00e9xito econ\u00f3mico, sino tambi\u00e9n para cumplir nuestra responsabilidad con la sociedad y el medio ambiente. Esto requiere una estrategia coherente que integre sistem\u00e1ticamente los aspectos ecol\u00f3gicos y sociales en las decisiones y acciones [&hellip;]<\/p>\n","protected":false},"author":4,"featured_media":0,"parent":0,"menu_order":0,"comment_status":"closed","ping_status":"closed","template":"elementor_header_footer","meta":{"footnotes":""},"class_list":["post-7802","page","type-page","status-publish","hentry"],"yoast_head":"<!-- This site is optimized with the Yoast SEO plugin v27.4 - https:\/\/yoast.com\/product\/yoast-seo-wordpress\/ -->\n<title>Responsibility - strafin-cs.com<\/title>\n<meta name=\"robots\" content=\"index, follow, max-snippet:-1, max-image-preview:large, max-video-preview:-1\" \/>\n<link rel=\"canonical\" href=\"https:\/\/strafin-cs.com\/es\/responsibility\/\" \/>\n<meta property=\"og:locale\" content=\"es_ES\" \/>\n<meta property=\"og:type\" content=\"article\" \/>\n<meta property=\"og:title\" content=\"Responsibility - strafin-cs.com\" \/>\n<meta property=\"og:description\" content=\"Responsabilidad Para las Generaciones pr\u00f3ximas CONTACTO Hoy en d\u00eda, las inversiones deben ser sostenibles en muchos aspectos, no s\u00f3lo para garantizar el \u00e9xito econ\u00f3mico, sino tambi\u00e9n para cumplir nuestra responsabilidad con la sociedad y el medio ambiente. Esto requiere una estrategia coherente que integre sistem\u00e1ticamente los aspectos ecol\u00f3gicos y sociales en las decisiones y acciones [&hellip;]\" \/>\n<meta property=\"og:url\" content=\"https:\/\/strafin-cs.com\/es\/responsibility\/\" \/>\n<meta property=\"og:site_name\" content=\"strafin-cs.com\" \/>\n<meta property=\"article:modified_time\" content=\"2025-01-27T10:56:05+00:00\" \/>\n<meta property=\"og:image\" content=\"https:\/\/strafin-cs.com\/wp-content\/uploads\/2022\/08\/Strafin_Logo_horizontal_white_grey_500x153.png\" \/>\n\t<meta property=\"og:image:width\" content=\"500\" \/>\n\t<meta property=\"og:image:height\" content=\"153\" \/>\n\t<meta property=\"og:image:type\" content=\"image\/png\" \/>\n<meta name=\"twitter:card\" content=\"summary_large_image\" \/>\n<meta name=\"twitter:label1\" content=\"Tiempo de lectura\" \/>\n\t<meta name=\"twitter:data1\" content=\"1 minuto\" \/>\n<script type=\"application\/ld+json\" class=\"yoast-schema-graph\">{\"@context\":\"https:\\\/\\\/schema.org\",\"@graph\":[{\"@type\":\"WebPage\",\"@id\":\"https:\\\/\\\/strafin-cs.com\\\/es\\\/responsibility\\\/\",\"url\":\"https:\\\/\\\/strafin-cs.com\\\/es\\\/responsibility\\\/\",\"name\":\"Responsibility - strafin-cs.com\",\"isPartOf\":{\"@id\":\"https:\\\/\\\/strafin-cs.com\\\/#website\"},\"datePublished\":\"2025-01-20T14:33:54+00:00\",\"dateModified\":\"2025-01-27T10:56:05+00:00\",\"breadcrumb\":{\"@id\":\"https:\\\/\\\/strafin-cs.com\\\/es\\\/responsibility\\\/#breadcrumb\"},\"inLanguage\":\"es\",\"potentialAction\":[{\"@type\":\"ReadAction\",\"target\":[\"https:\\\/\\\/strafin-cs.com\\\/es\\\/responsibility\\\/\"]}]},{\"@type\":\"BreadcrumbList\",\"@id\":\"https:\\\/\\\/strafin-cs.com\\\/es\\\/responsibility\\\/#breadcrumb\",\"itemListElement\":[{\"@type\":\"ListItem\",\"position\":1,\"name\":\"Home\",\"item\":\"https:\\\/\\\/strafin-cs.com\\\/es\\\/\"},{\"@type\":\"ListItem\",\"position\":2,\"name\":\"Responsibility\"}]},{\"@type\":\"WebSite\",\"@id\":\"https:\\\/\\\/strafin-cs.com\\\/#website\",\"url\":\"https:\\\/\\\/strafin-cs.com\\\/\",\"name\":\"strafin-cs.com\",\"description\":\"strafin-cs.com\",\"publisher\":{\"@id\":\"https:\\\/\\\/strafin-cs.com\\\/#organization\"},\"alternateName\":\"strafin-cs.com\",\"potentialAction\":[{\"@type\":\"SearchAction\",\"target\":{\"@type\":\"EntryPoint\",\"urlTemplate\":\"https:\\\/\\\/strafin-cs.com\\\/?s={search_term_string}\"},\"query-input\":{\"@type\":\"PropertyValueSpecification\",\"valueRequired\":true,\"valueName\":\"search_term_string\"}}],\"inLanguage\":\"es\"},{\"@type\":\"Organization\",\"@id\":\"https:\\\/\\\/strafin-cs.com\\\/#organization\",\"name\":\"strafin-cs.com\",\"url\":\"https:\\\/\\\/strafin-cs.com\\\/\",\"logo\":{\"@type\":\"ImageObject\",\"inLanguage\":\"es\",\"@id\":\"https:\\\/\\\/strafin-cs.com\\\/#\\\/schema\\\/logo\\\/image\\\/\",\"url\":\"https:\\\/\\\/strafin-cs.com\\\/wp-content\\\/uploads\\\/2022\\\/08\\\/Strafin_Logo_horizontal_white_grey_500x153.png\",\"contentUrl\":\"https:\\\/\\\/strafin-cs.com\\\/wp-content\\\/uploads\\\/2022\\\/08\\\/Strafin_Logo_horizontal_white_grey_500x153.png\",\"width\":500,\"height\":153,\"caption\":\"strafin-cs.com\"},\"image\":{\"@id\":\"https:\\\/\\\/strafin-cs.com\\\/#\\\/schema\\\/logo\\\/image\\\/\"}}]}<\/script>\n<!-- \/ Yoast SEO plugin. -->","yoast_head_json":{"title":"Responsibility - strafin-cs.com","robots":{"index":"index","follow":"follow","max-snippet":"max-snippet:-1","max-image-preview":"max-image-preview:large","max-video-preview":"max-video-preview:-1"},"canonical":"https:\/\/strafin-cs.com\/es\/responsibility\/","og_locale":"es_ES","og_type":"article","og_title":"Responsibility - strafin-cs.com","og_description":"Responsabilidad Para las Generaciones pr\u00f3ximas CONTACTO Hoy en d\u00eda, las inversiones deben ser sostenibles en muchos aspectos, no s\u00f3lo para garantizar el \u00e9xito econ\u00f3mico, sino tambi\u00e9n para cumplir nuestra responsabilidad con la sociedad y el medio ambiente. Esto requiere una estrategia coherente que integre sistem\u00e1ticamente los aspectos ecol\u00f3gicos y sociales en las decisiones y acciones [&hellip;]","og_url":"https:\/\/strafin-cs.com\/es\/responsibility\/","og_site_name":"strafin-cs.com","article_modified_time":"2025-01-27T10:56:05+00:00","og_image":[{"width":500,"height":153,"url":"https:\/\/strafin-cs.com\/wp-content\/uploads\/2022\/08\/Strafin_Logo_horizontal_white_grey_500x153.png","type":"image\/png"}],"twitter_card":"summary_large_image","twitter_misc":{"Tiempo de lectura":"1 minuto"},"schema":{"@context":"https:\/\/schema.org","@graph":[{"@type":"WebPage","@id":"https:\/\/strafin-cs.com\/es\/responsibility\/","url":"https:\/\/strafin-cs.com\/es\/responsibility\/","name":"Responsibility - strafin-cs.com","isPartOf":{"@id":"https:\/\/strafin-cs.com\/#website"},"datePublished":"2025-01-20T14:33:54+00:00","dateModified":"2025-01-27T10:56:05+00:00","breadcrumb":{"@id":"https:\/\/strafin-cs.com\/es\/responsibility\/#breadcrumb"},"inLanguage":"es","potentialAction":[{"@type":"ReadAction","target":["https:\/\/strafin-cs.com\/es\/responsibility\/"]}]},{"@type":"BreadcrumbList","@id":"https:\/\/strafin-cs.com\/es\/responsibility\/#breadcrumb","itemListElement":[{"@type":"ListItem","position":1,"name":"Home","item":"https:\/\/strafin-cs.com\/es\/"},{"@type":"ListItem","position":2,"name":"Responsibility"}]},{"@type":"WebSite","@id":"https:\/\/strafin-cs.com\/#website","url":"https:\/\/strafin-cs.com\/","name":"strafin-cs.com","description":"strafin-cs.com","publisher":{"@id":"https:\/\/strafin-cs.com\/#organization"},"alternateName":"strafin-cs.com","potentialAction":[{"@type":"SearchAction","target":{"@type":"EntryPoint","urlTemplate":"https:\/\/strafin-cs.com\/?s={search_term_string}"},"query-input":{"@type":"PropertyValueSpecification","valueRequired":true,"valueName":"search_term_string"}}],"inLanguage":"es"},{"@type":"Organization","@id":"https:\/\/strafin-cs.com\/#organization","name":"strafin-cs.com","url":"https:\/\/strafin-cs.com\/","logo":{"@type":"ImageObject","inLanguage":"es","@id":"https:\/\/strafin-cs.com\/#\/schema\/logo\/image\/","url":"https:\/\/strafin-cs.com\/wp-content\/uploads\/2022\/08\/Strafin_Logo_horizontal_white_grey_500x153.png","contentUrl":"https:\/\/strafin-cs.com\/wp-content\/uploads\/2022\/08\/Strafin_Logo_horizontal_white_grey_500x153.png","width":500,"height":153,"caption":"strafin-cs.com"},"image":{"@id":"https:\/\/strafin-cs.com\/#\/schema\/logo\/image\/"}}]}},"_links":{"self":[{"href":"https:\/\/strafin-cs.com\/es\/wp-json\/wp\/v2\/pages\/7802","targetHints":{"allow":["GET"]}}],"collection":[{"href":"https:\/\/strafin-cs.com\/es\/wp-json\/wp\/v2\/pages"}],"about":[{"href":"https:\/\/strafin-cs.com\/es\/wp-json\/wp\/v2\/types\/page"}],"author":[{"embeddable":true,"href":"https:\/\/strafin-cs.com\/es\/wp-json\/wp\/v2\/users\/4"}],"replies":[{"embeddable":true,"href":"https:\/\/strafin-cs.com\/es\/wp-json\/wp\/v2\/comments?post=7802"}],"version-history":[{"count":10,"href":"https:\/\/strafin-cs.com\/es\/wp-json\/wp\/v2\/pages\/7802\/revisions"}],"predecessor-version":[{"id":8091,"href":"https:\/\/strafin-cs.com\/es\/wp-json\/wp\/v2\/pages\/7802\/revisions\/8091"}],"wp:attachment":[{"href":"https:\/\/strafin-cs.com\/es\/wp-json\/wp\/v2\/media?parent=7802"}],"curies":[{"name":"wp","href":"https:\/\/api.w.org\/{rel}","templated":true}]}}