{"id":7822,"date":"2025-01-20T15:18:19","date_gmt":"2025-01-20T15:18:19","guid":{"rendered":"https:\/\/strafin-cs.com\/?page_id=7822"},"modified":"2025-01-20T15:19:30","modified_gmt":"2025-01-20T15:19:30","slug":"team","status":"publish","type":"page","link":"https:\/\/strafin-cs.com\/es\/team\/","title":{"rendered":"Team"},"content":{"rendered":"\t\t<div data-elementor-type=\"wp-page\" data-elementor-id=\"7822\" class=\"elementor elementor-7822 elementor-1745\" data-elementor-post-type=\"page\">\n\t\t\t\t<div class=\"elementor-element elementor-element-2756b01 e-flex e-con-boxed e-con e-parent\" data-id=\"2756b01\" data-element_type=\"container\" data-e-type=\"container\" data-settings=\"{&quot;background_background&quot;:&quot;classic&quot;}\">\n\t\t\t\t\t<div class=\"e-con-inner\">\n\t\t\t\t\t<\/div>\n\t\t\t\t<\/div>\n\t\t<div class=\"elementor-element elementor-element-df9d867 e-con-full e-flex e-con e-parent\" data-id=\"df9d867\" data-element_type=\"container\" data-e-type=\"container\">\n\t\t<div class=\"elementor-element elementor-element-118fec8 e-con-full e-flex e-con e-child\" data-id=\"118fec8\" data-element_type=\"container\" data-e-type=\"container\">\n\t\t<div class=\"elementor-element elementor-element-ad1850c e-con-full e-flex e-con e-child\" data-id=\"ad1850c\" data-element_type=\"container\" data-e-type=\"container\">\n\t\t\t\t<div class=\"elementor-element elementor-element-6a69b9a elementor-widget elementor-widget-heading\" data-id=\"6a69b9a\" data-element_type=\"widget\" data-e-type=\"widget\" data-widget_type=\"heading.default\">\n\t\t\t\t<div class=\"elementor-widget-container\">\n\t\t\t\t\t<h2 class=\"elementor-heading-title elementor-size-default\">TEAM<\/h2>\t\t\t\t<\/div>\n\t\t\t\t<\/div>\n\t\t\t\t<div class=\"elementor-element elementor-element-524d492 elementor-widget elementor-widget-heading\" data-id=\"524d492\" data-element_type=\"widget\" data-e-type=\"widget\" data-widget_type=\"heading.default\">\n\t\t\t\t<div class=\"elementor-widget-container\">\n\t\t\t\t\t<h2 class=\"elementor-heading-title elementor-size-default\">Nosotros <\/h2>\t\t\t\t<\/div>\n\t\t\t\t<\/div>\n\t\t\t\t<div class=\"elementor-element elementor-element-5a7b79f elementor-widget elementor-widget-heading\" data-id=\"5a7b79f\" data-element_type=\"widget\" data-e-type=\"widget\" data-widget_type=\"heading.default\">\n\t\t\t\t<div class=\"elementor-widget-container\">\n\t\t\t\t\t<h2 class=\"elementor-heading-title elementor-size-default\">somos <\/h2>\t\t\t\t<\/div>\n\t\t\t\t<\/div>\n\t\t\t\t<div class=\"elementor-element elementor-element-7f61edb elementor-widget elementor-widget-heading\" data-id=\"7f61edb\" data-element_type=\"widget\" data-e-type=\"widget\" data-widget_type=\"heading.default\">\n\t\t\t\t<div class=\"elementor-widget-container\">\n\t\t\t\t\t<h2 class=\"elementor-heading-title elementor-size-default\">STRAFIN <\/h2>\t\t\t\t<\/div>\n\t\t\t\t<\/div>\n\t\t\t\t<\/div>\n\t\t<div class=\"elementor-element elementor-element-f2cabd9 e-con-full elementor-hidden-mobile e-flex e-con e-child\" data-id=\"f2cabd9\" data-element_type=\"container\" data-e-type=\"container\">\n\t\t\t\t<div class=\"elementor-element elementor-element-7abcd1b elementor-hidden-mobile elementor-widget elementor-widget-button\" data-id=\"7abcd1b\" data-element_type=\"widget\" data-e-type=\"widget\" data-widget_type=\"button.default\">\n\t\t\t\t<div class=\"elementor-widget-container\">\n\t\t\t\t\t\t\t\t\t<div class=\"elementor-button-wrapper\">\n\t\t\t\t\t<a class=\"elementor-button elementor-button-link elementor-size-xs elementor-animation-shrink\" href=\"mailto:team@strafin-cs.com\">\n\t\t\t\t\t\t<span class=\"elementor-button-content-wrapper\">\n\t\t\t\t\t\t\t\t\t<span class=\"elementor-button-text\">CONTACTO<\/span>\n\t\t\t\t\t<\/span>\n\t\t\t\t\t<\/a>\n\t\t\t\t<\/div>\n\t\t\t\t\t\t\t\t<\/div>\n\t\t\t\t<\/div>\n\t\t\t\t<\/div>\n\t\t\t\t<\/div>\n\t\t<div class=\"elementor-element elementor-element-2311d75 e-con-full e-flex e-con e-child\" data-id=\"2311d75\" data-element_type=\"container\" data-e-type=\"container\">\n\t\t\t\t<div class=\"elementor-element elementor-element-bc8cd5c elementor-widget elementor-widget-text-editor\" data-id=\"bc8cd5c\" data-element_type=\"widget\" data-e-type=\"widget\" data-widget_type=\"text-editor.default\">\n\t\t\t\t<div class=\"elementor-widget-container\">\n\t\t\t\t\t\t\t\t\t<p>Para nosotros, los valores de equipo son primordiales, un principio que nos gu\u00eda: <strong>Un equipo. Un camino. Un objetivo.\u00a0<\/strong><\/p><p>Ponemos en com\u00fan nuestros conocimientos para lograr lo mejor para nuestros clientes. Nuestra fuerza reside en la combinaci\u00f3n de conocimientos intersectoriales e internacionales, que combinamos con muchos a\u00f1os de experiencia, flexibilidad y competencia intercultural.\u00a0\u00a0<\/p><p>Cada uno de nosotros aporta valiosos puntos fuertes, pero es nuestro entendimiento compartido de la confianza, la lealtad y el compromiso personal lo que nos hace especiales como equipo. Fieles al lema \u00ablo global se convierte en personal\u00bb, apoyamos a nuestros clientes con proximidad y compromiso, independientemente de su ubicaci\u00f3n.\u00a0\u00a0<\/p><p>Nuestro objetivo es lograr siempre los mejores resultados. Para nosotros, no s\u00f3lo cuentan los conocimientos profesionales y la experiencia, sino tambi\u00e9n el apoyo mutuo y un fuerte esp\u00edritu de equipo. Este esp\u00edritu de equipo constituye la base estable sobre la que seguimos creciendo y superando futuros retos.\u00a0<\/p><p>\u00a0<\/p>\t\t\t\t\t\t\t\t<\/div>\n\t\t\t\t<\/div>\n\t\t\t\t<div class=\"elementor-element elementor-element-cfaf3bb elementor-hidden-desktop elementor-hidden-tablet elementor-widget elementor-widget-button\" data-id=\"cfaf3bb\" data-element_type=\"widget\" data-e-type=\"widget\" data-widget_type=\"button.default\">\n\t\t\t\t<div class=\"elementor-widget-container\">\n\t\t\t\t\t\t\t\t\t<div class=\"elementor-button-wrapper\">\n\t\t\t\t\t<a class=\"elementor-button elementor-button-link elementor-size-xs elementor-animation-shrink\" href=\"mailto:team@strafin-cs.com\">\n\t\t\t\t\t\t<span class=\"elementor-button-content-wrapper\">\n\t\t\t\t\t\t\t\t\t<span class=\"elementor-button-text\">KONTAKTIEREN SIE UNS<\/span>\n\t\t\t\t\t<\/span>\n\t\t\t\t\t<\/a>\n\t\t\t\t<\/div>\n\t\t\t\t\t\t\t\t<\/div>\n\t\t\t\t<\/div>\n\t\t\t\t<\/div>\n\t\t\t\t<\/div>\n\t\t<div class=\"elementor-element elementor-element-6309a01 e-con-full elementor-hidden-desktop elementor-hidden-tablet elementor-hidden-mobile e-flex e-con e-parent\" data-id=\"6309a01\" data-element_type=\"container\" data-e-type=\"container\" data-settings=\"{&quot;background_background&quot;:&quot;classic&quot;,&quot;background_motion_fx_motion_fx_scrolling&quot;:&quot;yes&quot;,&quot;background_motion_fx_scale_effect&quot;:&quot;yes&quot;,&quot;background_motion_fx_scale_speed&quot;:{&quot;unit&quot;:&quot;px&quot;,&quot;size&quot;:2,&quot;sizes&quot;:[]},&quot;background_motion_fx_scale_direction&quot;:&quot;out-in&quot;,&quot;background_motion_fx_scale_range&quot;:{&quot;unit&quot;:&quot;%&quot;,&quot;size&quot;:&quot;&quot;,&quot;sizes&quot;:{&quot;start&quot;:20,&quot;end&quot;:80}},&quot;background_motion_fx_devices&quot;:[&quot;desktop&quot;,&quot;tablet&quot;,&quot;mobile&quot;]}\">\n\t\t<div class=\"elementor-element elementor-element-2f08063 e-con-full e-flex e-con e-child\" data-id=\"2f08063\" data-element_type=\"container\" data-e-type=\"container\">\n\t\t\t\t<\/div>\n\t\t\t\t<\/div>\n\t\t\t\t<\/div>\n\t\t","protected":false},"excerpt":{"rendered":"<p>TEAM Nosotros somos STRAFIN CONTACTO Para nosotros, los valores de equipo son primordiales, un principio que nos gu\u00eda: Un equipo. Un camino. Un objetivo.\u00a0 Ponemos en com\u00fan nuestros conocimientos para lograr lo mejor para nuestros clientes. Nuestra fuerza reside en la combinaci\u00f3n de conocimientos intersectoriales e internacionales, que combinamos con muchos a\u00f1os de experiencia, flexibilidad [&hellip;]<\/p>\n","protected":false},"author":4,"featured_media":0,"parent":0,"menu_order":0,"comment_status":"closed","ping_status":"closed","template":"elementor_header_footer","meta":{"footnotes":""},"class_list":["post-7822","page","type-page","status-publish","hentry"],"yoast_head":"<!-- This site is optimized with the Yoast SEO plugin v27.4 - https:\/\/yoast.com\/product\/yoast-seo-wordpress\/ -->\n<title>Team - strafin-cs.com<\/title>\n<meta name=\"robots\" content=\"index, follow, max-snippet:-1, max-image-preview:large, max-video-preview:-1\" \/>\n<link rel=\"canonical\" href=\"https:\/\/strafin-cs.com\/es\/team\/\" \/>\n<meta property=\"og:locale\" content=\"es_ES\" \/>\n<meta property=\"og:type\" content=\"article\" \/>\n<meta property=\"og:title\" content=\"Team - strafin-cs.com\" \/>\n<meta property=\"og:description\" content=\"TEAM Nosotros somos STRAFIN CONTACTO Para nosotros, los valores de equipo son primordiales, un principio que nos gu\u00eda: Un equipo. Un camino. Un objetivo.\u00a0 Ponemos en com\u00fan nuestros conocimientos para lograr lo mejor para nuestros clientes. Nuestra fuerza reside en la combinaci\u00f3n de conocimientos intersectoriales e internacionales, que combinamos con muchos a\u00f1os de experiencia, flexibilidad [&hellip;]\" \/>\n<meta property=\"og:url\" content=\"https:\/\/strafin-cs.com\/es\/team\/\" \/>\n<meta property=\"og:site_name\" content=\"strafin-cs.com\" \/>\n<meta property=\"article:modified_time\" content=\"2025-01-20T15:19:30+00:00\" \/>\n<meta property=\"og:image\" content=\"https:\/\/strafin-cs.com\/wp-content\/uploads\/2022\/08\/Strafin_Logo_horizontal_white_grey_500x153.png\" \/>\n\t<meta property=\"og:image:width\" content=\"500\" \/>\n\t<meta property=\"og:image:height\" content=\"153\" \/>\n\t<meta property=\"og:image:type\" content=\"image\/png\" \/>\n<meta name=\"twitter:card\" content=\"summary_large_image\" \/>\n<meta name=\"twitter:label1\" content=\"Tiempo de lectura\" \/>\n\t<meta name=\"twitter:data1\" content=\"1 minuto\" \/>\n<script type=\"application\/ld+json\" class=\"yoast-schema-graph\">{\"@context\":\"https:\\\/\\\/schema.org\",\"@graph\":[{\"@type\":\"WebPage\",\"@id\":\"https:\\\/\\\/strafin-cs.com\\\/es\\\/team\\\/\",\"url\":\"https:\\\/\\\/strafin-cs.com\\\/es\\\/team\\\/\",\"name\":\"Team - strafin-cs.com\",\"isPartOf\":{\"@id\":\"https:\\\/\\\/strafin-cs.com\\\/#website\"},\"datePublished\":\"2025-01-20T15:18:19+00:00\",\"dateModified\":\"2025-01-20T15:19:30+00:00\",\"breadcrumb\":{\"@id\":\"https:\\\/\\\/strafin-cs.com\\\/es\\\/team\\\/#breadcrumb\"},\"inLanguage\":\"es\",\"potentialAction\":[{\"@type\":\"ReadAction\",\"target\":[\"https:\\\/\\\/strafin-cs.com\\\/es\\\/team\\\/\"]}]},{\"@type\":\"BreadcrumbList\",\"@id\":\"https:\\\/\\\/strafin-cs.com\\\/es\\\/team\\\/#breadcrumb\",\"itemListElement\":[{\"@type\":\"ListItem\",\"position\":1,\"name\":\"Home\",\"item\":\"https:\\\/\\\/strafin-cs.com\\\/es\\\/\"},{\"@type\":\"ListItem\",\"position\":2,\"name\":\"Team\"}]},{\"@type\":\"WebSite\",\"@id\":\"https:\\\/\\\/strafin-cs.com\\\/#website\",\"url\":\"https:\\\/\\\/strafin-cs.com\\\/\",\"name\":\"strafin-cs.com\",\"description\":\"strafin-cs.com\",\"publisher\":{\"@id\":\"https:\\\/\\\/strafin-cs.com\\\/#organization\"},\"alternateName\":\"strafin-cs.com\",\"potentialAction\":[{\"@type\":\"SearchAction\",\"target\":{\"@type\":\"EntryPoint\",\"urlTemplate\":\"https:\\\/\\\/strafin-cs.com\\\/?s={search_term_string}\"},\"query-input\":{\"@type\":\"PropertyValueSpecification\",\"valueRequired\":true,\"valueName\":\"search_term_string\"}}],\"inLanguage\":\"es\"},{\"@type\":\"Organization\",\"@id\":\"https:\\\/\\\/strafin-cs.com\\\/#organization\",\"name\":\"strafin-cs.com\",\"url\":\"https:\\\/\\\/strafin-cs.com\\\/\",\"logo\":{\"@type\":\"ImageObject\",\"inLanguage\":\"es\",\"@id\":\"https:\\\/\\\/strafin-cs.com\\\/#\\\/schema\\\/logo\\\/image\\\/\",\"url\":\"https:\\\/\\\/strafin-cs.com\\\/wp-content\\\/uploads\\\/2022\\\/08\\\/Strafin_Logo_horizontal_white_grey_500x153.png\",\"contentUrl\":\"https:\\\/\\\/strafin-cs.com\\\/wp-content\\\/uploads\\\/2022\\\/08\\\/Strafin_Logo_horizontal_white_grey_500x153.png\",\"width\":500,\"height\":153,\"caption\":\"strafin-cs.com\"},\"image\":{\"@id\":\"https:\\\/\\\/strafin-cs.com\\\/#\\\/schema\\\/logo\\\/image\\\/\"}}]}<\/script>\n<!-- \/ Yoast SEO plugin. -->","yoast_head_json":{"title":"Team - strafin-cs.com","robots":{"index":"index","follow":"follow","max-snippet":"max-snippet:-1","max-image-preview":"max-image-preview:large","max-video-preview":"max-video-preview:-1"},"canonical":"https:\/\/strafin-cs.com\/es\/team\/","og_locale":"es_ES","og_type":"article","og_title":"Team - strafin-cs.com","og_description":"TEAM Nosotros somos STRAFIN CONTACTO Para nosotros, los valores de equipo son primordiales, un principio que nos gu\u00eda: Un equipo. Un camino. Un objetivo.\u00a0 Ponemos en com\u00fan nuestros conocimientos para lograr lo mejor para nuestros clientes. Nuestra fuerza reside en la combinaci\u00f3n de conocimientos intersectoriales e internacionales, que combinamos con muchos a\u00f1os de experiencia, flexibilidad [&hellip;]","og_url":"https:\/\/strafin-cs.com\/es\/team\/","og_site_name":"strafin-cs.com","article_modified_time":"2025-01-20T15:19:30+00:00","og_image":[{"width":500,"height":153,"url":"https:\/\/strafin-cs.com\/wp-content\/uploads\/2022\/08\/Strafin_Logo_horizontal_white_grey_500x153.png","type":"image\/png"}],"twitter_card":"summary_large_image","twitter_misc":{"Tiempo de lectura":"1 minuto"},"schema":{"@context":"https:\/\/schema.org","@graph":[{"@type":"WebPage","@id":"https:\/\/strafin-cs.com\/es\/team\/","url":"https:\/\/strafin-cs.com\/es\/team\/","name":"Team - strafin-cs.com","isPartOf":{"@id":"https:\/\/strafin-cs.com\/#website"},"datePublished":"2025-01-20T15:18:19+00:00","dateModified":"2025-01-20T15:19:30+00:00","breadcrumb":{"@id":"https:\/\/strafin-cs.com\/es\/team\/#breadcrumb"},"inLanguage":"es","potentialAction":[{"@type":"ReadAction","target":["https:\/\/strafin-cs.com\/es\/team\/"]}]},{"@type":"BreadcrumbList","@id":"https:\/\/strafin-cs.com\/es\/team\/#breadcrumb","itemListElement":[{"@type":"ListItem","position":1,"name":"Home","item":"https:\/\/strafin-cs.com\/es\/"},{"@type":"ListItem","position":2,"name":"Team"}]},{"@type":"WebSite","@id":"https:\/\/strafin-cs.com\/#website","url":"https:\/\/strafin-cs.com\/","name":"strafin-cs.com","description":"strafin-cs.com","publisher":{"@id":"https:\/\/strafin-cs.com\/#organization"},"alternateName":"strafin-cs.com","potentialAction":[{"@type":"SearchAction","target":{"@type":"EntryPoint","urlTemplate":"https:\/\/strafin-cs.com\/?s={search_term_string}"},"query-input":{"@type":"PropertyValueSpecification","valueRequired":true,"valueName":"search_term_string"}}],"inLanguage":"es"},{"@type":"Organization","@id":"https:\/\/strafin-cs.com\/#organization","name":"strafin-cs.com","url":"https:\/\/strafin-cs.com\/","logo":{"@type":"ImageObject","inLanguage":"es","@id":"https:\/\/strafin-cs.com\/#\/schema\/logo\/image\/","url":"https:\/\/strafin-cs.com\/wp-content\/uploads\/2022\/08\/Strafin_Logo_horizontal_white_grey_500x153.png","contentUrl":"https:\/\/strafin-cs.com\/wp-content\/uploads\/2022\/08\/Strafin_Logo_horizontal_white_grey_500x153.png","width":500,"height":153,"caption":"strafin-cs.com"},"image":{"@id":"https:\/\/strafin-cs.com\/#\/schema\/logo\/image\/"}}]}},"_links":{"self":[{"href":"https:\/\/strafin-cs.com\/es\/wp-json\/wp\/v2\/pages\/7822","targetHints":{"allow":["GET"]}}],"collection":[{"href":"https:\/\/strafin-cs.com\/es\/wp-json\/wp\/v2\/pages"}],"about":[{"href":"https:\/\/strafin-cs.com\/es\/wp-json\/wp\/v2\/types\/page"}],"author":[{"embeddable":true,"href":"https:\/\/strafin-cs.com\/es\/wp-json\/wp\/v2\/users\/4"}],"replies":[{"embeddable":true,"href":"https:\/\/strafin-cs.com\/es\/wp-json\/wp\/v2\/comments?post=7822"}],"version-history":[{"count":7,"href":"https:\/\/strafin-cs.com\/es\/wp-json\/wp\/v2\/pages\/7822\/revisions"}],"predecessor-version":[{"id":7847,"href":"https:\/\/strafin-cs.com\/es\/wp-json\/wp\/v2\/pages\/7822\/revisions\/7847"}],"wp:attachment":[{"href":"https:\/\/strafin-cs.com\/es\/wp-json\/wp\/v2\/media?parent=7822"}],"curies":[{"name":"wp","href":"https:\/\/api.w.org\/{rel}","templated":true}]}}