{"id":7848,"date":"2025-01-20T15:19:50","date_gmt":"2025-01-20T15:19:50","guid":{"rendered":"https:\/\/strafin-cs.com\/?page_id=7848"},"modified":"2025-01-20T15:21:13","modified_gmt":"2025-01-20T15:21:13","slug":"real-estate","status":"publish","type":"page","link":"https:\/\/strafin-cs.com\/es\/real-estate\/","title":{"rendered":"Real Estate"},"content":{"rendered":"\t\t<div data-elementor-type=\"wp-page\" data-elementor-id=\"7848\" class=\"elementor elementor-7848 elementor-5759\" data-elementor-post-type=\"page\">\n\t\t\t\t<div class=\"elementor-element elementor-element-a4cfbed e-flex e-con-boxed e-con e-parent\" data-id=\"a4cfbed\" data-element_type=\"container\" data-e-type=\"container\" data-settings=\"{&quot;background_background&quot;:&quot;classic&quot;}\">\n\t\t\t\t\t<div class=\"e-con-inner\">\n\t\t\t\t\t<\/div>\n\t\t\t\t<\/div>\n\t\t<div class=\"elementor-element elementor-element-c4be453 e-con-full e-flex e-con e-parent\" data-id=\"c4be453\" data-element_type=\"container\" data-e-type=\"container\">\n\t\t<div class=\"elementor-element elementor-element-cbda65c e-con-full e-flex e-con e-child\" data-id=\"cbda65c\" data-element_type=\"container\" data-e-type=\"container\">\n\t\t<div class=\"elementor-element elementor-element-97b20d3 e-con-full e-flex e-con e-child\" data-id=\"97b20d3\" data-element_type=\"container\" data-e-type=\"container\">\n\t\t\t\t<div class=\"elementor-element elementor-element-d801ef0 elementor-widget elementor-widget-heading\" data-id=\"d801ef0\" data-element_type=\"widget\" data-e-type=\"widget\" data-widget_type=\"heading.default\">\n\t\t\t\t<div class=\"elementor-widget-container\">\n\t\t\t\t\t<h2 class=\"elementor-heading-title elementor-size-default\">Bienes inmuebles <\/h2>\t\t\t\t<\/div>\n\t\t\t\t<\/div>\n\t\t\t\t<div class=\"elementor-element elementor-element-55f10e3 elementor-widget elementor-widget-heading\" data-id=\"55f10e3\" data-element_type=\"widget\" data-e-type=\"widget\" data-widget_type=\"heading.default\">\n\t\t\t\t<div class=\"elementor-widget-container\">\n\t\t\t\t\t<h2 class=\"elementor-heading-title elementor-size-default\">Gesti\u00f3n inmobiliaria hol\u00edstica \nen favor de la cadena de valor <\/h2>\t\t\t\t<\/div>\n\t\t\t\t<\/div>\n\t\t\t\t<\/div>\n\t\t<div class=\"elementor-element elementor-element-acd1104 e-con-full elementor-hidden-mobile e-flex e-con e-child\" data-id=\"acd1104\" data-element_type=\"container\" data-e-type=\"container\">\n\t\t\t\t<div class=\"elementor-element elementor-element-1b0fcfc elementor-hidden-mobile elementor-widget elementor-widget-button\" data-id=\"1b0fcfc\" data-element_type=\"widget\" data-e-type=\"widget\" data-widget_type=\"button.default\">\n\t\t\t\t<div class=\"elementor-widget-container\">\n\t\t\t\t\t\t\t\t\t<div class=\"elementor-button-wrapper\">\n\t\t\t\t\t<a class=\"elementor-button elementor-button-link elementor-size-xs elementor-animation-shrink\" href=\"mailto:team@strafin-cs.com\">\n\t\t\t\t\t\t<span class=\"elementor-button-content-wrapper\">\n\t\t\t\t\t\t\t\t\t<span class=\"elementor-button-text\">CONTACTO<\/span>\n\t\t\t\t\t<\/span>\n\t\t\t\t\t<\/a>\n\t\t\t\t<\/div>\n\t\t\t\t\t\t\t\t<\/div>\n\t\t\t\t<\/div>\n\t\t\t\t<\/div>\n\t\t\t\t<\/div>\n\t\t<div class=\"elementor-element elementor-element-c2b8fce e-con-full e-flex e-con e-child\" data-id=\"c2b8fce\" data-element_type=\"container\" data-e-type=\"container\">\n\t\t\t\t<div class=\"elementor-element elementor-element-81faa4b elementor-widget elementor-widget-text-editor\" data-id=\"81faa4b\" data-element_type=\"widget\" data-e-type=\"widget\" data-widget_type=\"text-editor.default\">\n\t\t\t\t<div class=\"elementor-widget-container\">\n\t\t\t\t\t\t\t\t\t<p>Invertimos en proyectos inmobiliarios para diversos tipos de uso y adoptamos una visi\u00f3n hol\u00edstica del sector inmobiliario. Como parte de nuestra cadena de valor definida, planificamos y realizamos proyectos de nueva construcci\u00f3n, complejos desarrollos de cartera y revitalizaci\u00f3n hasta el desarrollo de propiedades comerciales.\u00a0<\/p><p>En construcci\u00f3n, transacciones y gesti\u00f3n inmobiliaria, podemos desplegar toda nuestra experiencia y acceder a una amplia red si es necesario. Nuestro equipo inmobiliario se encarga de la construcci\u00f3n y la gesti\u00f3n inmobiliaria y act\u00faa con la confidencialidad, transparencia y comunicaci\u00f3n directa necesarias. Tambi\u00e9n nos encargamos del marketing y la administraci\u00f3n. El desarrollo sostenible, la gesti\u00f3n de la cartera, el mantenimiento y la puesta en valor de nuestras inversiones inmobiliarias tambi\u00e9n forman parte de nuestra cadena de valor.\u00a0<\/p>\t\t\t\t\t\t\t\t<\/div>\n\t\t\t\t<\/div>\n\t\t\t\t<\/div>\n\t\t\t\t<\/div>\n\t\t\t\t<\/div>\n\t\t","protected":false},"excerpt":{"rendered":"<p>Bienes inmuebles Gesti\u00f3n inmobiliaria hol\u00edstica en favor de la cadena de valor CONTACTO Invertimos en proyectos inmobiliarios para diversos tipos de uso y adoptamos una visi\u00f3n hol\u00edstica del sector inmobiliario. Como parte de nuestra cadena de valor definida, planificamos y realizamos proyectos de nueva construcci\u00f3n, complejos desarrollos de cartera y revitalizaci\u00f3n hasta el desarrollo de [&hellip;]<\/p>\n","protected":false},"author":4,"featured_media":0,"parent":0,"menu_order":0,"comment_status":"closed","ping_status":"closed","template":"elementor_header_footer","meta":{"footnotes":""},"class_list":["post-7848","page","type-page","status-publish","hentry"],"yoast_head":"<!-- This site is optimized with the Yoast SEO plugin v27.3 - https:\/\/yoast.com\/product\/yoast-seo-wordpress\/ -->\n<title>Real Estate - strafin-cs.com<\/title>\n<meta name=\"robots\" content=\"index, follow, max-snippet:-1, max-image-preview:large, max-video-preview:-1\" \/>\n<link rel=\"canonical\" href=\"https:\/\/strafin-cs.com\/es\/real-estate\/\" \/>\n<meta property=\"og:locale\" content=\"es_ES\" \/>\n<meta property=\"og:type\" content=\"article\" \/>\n<meta property=\"og:title\" content=\"Real Estate - strafin-cs.com\" \/>\n<meta property=\"og:description\" content=\"Bienes inmuebles Gesti\u00f3n inmobiliaria hol\u00edstica en favor de la cadena de valor CONTACTO Invertimos en proyectos inmobiliarios para diversos tipos de uso y adoptamos una visi\u00f3n hol\u00edstica del sector inmobiliario. Como parte de nuestra cadena de valor definida, planificamos y realizamos proyectos de nueva construcci\u00f3n, complejos desarrollos de cartera y revitalizaci\u00f3n hasta el desarrollo de [&hellip;]\" \/>\n<meta property=\"og:url\" content=\"https:\/\/strafin-cs.com\/es\/real-estate\/\" \/>\n<meta property=\"og:site_name\" content=\"strafin-cs.com\" \/>\n<meta property=\"article:modified_time\" content=\"2025-01-20T15:21:13+00:00\" \/>\n<meta property=\"og:image\" content=\"https:\/\/strafin-cs.com\/wp-content\/uploads\/2022\/08\/Strafin_Logo_horizontal_white_grey_500x153.png\" \/>\n\t<meta property=\"og:image:width\" content=\"500\" \/>\n\t<meta property=\"og:image:height\" content=\"153\" \/>\n\t<meta property=\"og:image:type\" content=\"image\/png\" \/>\n<meta name=\"twitter:card\" content=\"summary_large_image\" \/>\n<meta name=\"twitter:label1\" content=\"Tiempo de lectura\" \/>\n\t<meta name=\"twitter:data1\" content=\"1 minuto\" \/>\n<script type=\"application\/ld+json\" class=\"yoast-schema-graph\">{\"@context\":\"https:\\\/\\\/schema.org\",\"@graph\":[{\"@type\":\"WebPage\",\"@id\":\"https:\\\/\\\/strafin-cs.com\\\/es\\\/real-estate\\\/\",\"url\":\"https:\\\/\\\/strafin-cs.com\\\/es\\\/real-estate\\\/\",\"name\":\"Real Estate - strafin-cs.com\",\"isPartOf\":{\"@id\":\"https:\\\/\\\/strafin-cs.com\\\/#website\"},\"datePublished\":\"2025-01-20T15:19:50+00:00\",\"dateModified\":\"2025-01-20T15:21:13+00:00\",\"breadcrumb\":{\"@id\":\"https:\\\/\\\/strafin-cs.com\\\/es\\\/real-estate\\\/#breadcrumb\"},\"inLanguage\":\"es\",\"potentialAction\":[{\"@type\":\"ReadAction\",\"target\":[\"https:\\\/\\\/strafin-cs.com\\\/es\\\/real-estate\\\/\"]}]},{\"@type\":\"BreadcrumbList\",\"@id\":\"https:\\\/\\\/strafin-cs.com\\\/es\\\/real-estate\\\/#breadcrumb\",\"itemListElement\":[{\"@type\":\"ListItem\",\"position\":1,\"name\":\"Home\",\"item\":\"https:\\\/\\\/strafin-cs.com\\\/es\\\/\"},{\"@type\":\"ListItem\",\"position\":2,\"name\":\"Real Estate\"}]},{\"@type\":\"WebSite\",\"@id\":\"https:\\\/\\\/strafin-cs.com\\\/#website\",\"url\":\"https:\\\/\\\/strafin-cs.com\\\/\",\"name\":\"strafin-cs.com\",\"description\":\"strafin-cs.com\",\"publisher\":{\"@id\":\"https:\\\/\\\/strafin-cs.com\\\/#organization\"},\"alternateName\":\"strafin-cs.com\",\"potentialAction\":[{\"@type\":\"SearchAction\",\"target\":{\"@type\":\"EntryPoint\",\"urlTemplate\":\"https:\\\/\\\/strafin-cs.com\\\/?s={search_term_string}\"},\"query-input\":{\"@type\":\"PropertyValueSpecification\",\"valueRequired\":true,\"valueName\":\"search_term_string\"}}],\"inLanguage\":\"es\"},{\"@type\":\"Organization\",\"@id\":\"https:\\\/\\\/strafin-cs.com\\\/#organization\",\"name\":\"strafin-cs.com\",\"url\":\"https:\\\/\\\/strafin-cs.com\\\/\",\"logo\":{\"@type\":\"ImageObject\",\"inLanguage\":\"es\",\"@id\":\"https:\\\/\\\/strafin-cs.com\\\/#\\\/schema\\\/logo\\\/image\\\/\",\"url\":\"https:\\\/\\\/strafin-cs.com\\\/wp-content\\\/uploads\\\/2022\\\/08\\\/Strafin_Logo_horizontal_white_grey_500x153.png\",\"contentUrl\":\"https:\\\/\\\/strafin-cs.com\\\/wp-content\\\/uploads\\\/2022\\\/08\\\/Strafin_Logo_horizontal_white_grey_500x153.png\",\"width\":500,\"height\":153,\"caption\":\"strafin-cs.com\"},\"image\":{\"@id\":\"https:\\\/\\\/strafin-cs.com\\\/#\\\/schema\\\/logo\\\/image\\\/\"}}]}<\/script>\n<!-- \/ Yoast SEO plugin. -->","yoast_head_json":{"title":"Real Estate - strafin-cs.com","robots":{"index":"index","follow":"follow","max-snippet":"max-snippet:-1","max-image-preview":"max-image-preview:large","max-video-preview":"max-video-preview:-1"},"canonical":"https:\/\/strafin-cs.com\/es\/real-estate\/","og_locale":"es_ES","og_type":"article","og_title":"Real Estate - strafin-cs.com","og_description":"Bienes inmuebles Gesti\u00f3n inmobiliaria hol\u00edstica en favor de la cadena de valor CONTACTO Invertimos en proyectos inmobiliarios para diversos tipos de uso y adoptamos una visi\u00f3n hol\u00edstica del sector inmobiliario. Como parte de nuestra cadena de valor definida, planificamos y realizamos proyectos de nueva construcci\u00f3n, complejos desarrollos de cartera y revitalizaci\u00f3n hasta el desarrollo de [&hellip;]","og_url":"https:\/\/strafin-cs.com\/es\/real-estate\/","og_site_name":"strafin-cs.com","article_modified_time":"2025-01-20T15:21:13+00:00","og_image":[{"width":500,"height":153,"url":"https:\/\/strafin-cs.com\/wp-content\/uploads\/2022\/08\/Strafin_Logo_horizontal_white_grey_500x153.png","type":"image\/png"}],"twitter_card":"summary_large_image","twitter_misc":{"Tiempo de lectura":"1 minuto"},"schema":{"@context":"https:\/\/schema.org","@graph":[{"@type":"WebPage","@id":"https:\/\/strafin-cs.com\/es\/real-estate\/","url":"https:\/\/strafin-cs.com\/es\/real-estate\/","name":"Real Estate - strafin-cs.com","isPartOf":{"@id":"https:\/\/strafin-cs.com\/#website"},"datePublished":"2025-01-20T15:19:50+00:00","dateModified":"2025-01-20T15:21:13+00:00","breadcrumb":{"@id":"https:\/\/strafin-cs.com\/es\/real-estate\/#breadcrumb"},"inLanguage":"es","potentialAction":[{"@type":"ReadAction","target":["https:\/\/strafin-cs.com\/es\/real-estate\/"]}]},{"@type":"BreadcrumbList","@id":"https:\/\/strafin-cs.com\/es\/real-estate\/#breadcrumb","itemListElement":[{"@type":"ListItem","position":1,"name":"Home","item":"https:\/\/strafin-cs.com\/es\/"},{"@type":"ListItem","position":2,"name":"Real Estate"}]},{"@type":"WebSite","@id":"https:\/\/strafin-cs.com\/#website","url":"https:\/\/strafin-cs.com\/","name":"strafin-cs.com","description":"strafin-cs.com","publisher":{"@id":"https:\/\/strafin-cs.com\/#organization"},"alternateName":"strafin-cs.com","potentialAction":[{"@type":"SearchAction","target":{"@type":"EntryPoint","urlTemplate":"https:\/\/strafin-cs.com\/?s={search_term_string}"},"query-input":{"@type":"PropertyValueSpecification","valueRequired":true,"valueName":"search_term_string"}}],"inLanguage":"es"},{"@type":"Organization","@id":"https:\/\/strafin-cs.com\/#organization","name":"strafin-cs.com","url":"https:\/\/strafin-cs.com\/","logo":{"@type":"ImageObject","inLanguage":"es","@id":"https:\/\/strafin-cs.com\/#\/schema\/logo\/image\/","url":"https:\/\/strafin-cs.com\/wp-content\/uploads\/2022\/08\/Strafin_Logo_horizontal_white_grey_500x153.png","contentUrl":"https:\/\/strafin-cs.com\/wp-content\/uploads\/2022\/08\/Strafin_Logo_horizontal_white_grey_500x153.png","width":500,"height":153,"caption":"strafin-cs.com"},"image":{"@id":"https:\/\/strafin-cs.com\/#\/schema\/logo\/image\/"}}]}},"_links":{"self":[{"href":"https:\/\/strafin-cs.com\/es\/wp-json\/wp\/v2\/pages\/7848","targetHints":{"allow":["GET"]}}],"collection":[{"href":"https:\/\/strafin-cs.com\/es\/wp-json\/wp\/v2\/pages"}],"about":[{"href":"https:\/\/strafin-cs.com\/es\/wp-json\/wp\/v2\/types\/page"}],"author":[{"embeddable":true,"href":"https:\/\/strafin-cs.com\/es\/wp-json\/wp\/v2\/users\/4"}],"replies":[{"embeddable":true,"href":"https:\/\/strafin-cs.com\/es\/wp-json\/wp\/v2\/comments?post=7848"}],"version-history":[{"count":10,"href":"https:\/\/strafin-cs.com\/es\/wp-json\/wp\/v2\/pages\/7848\/revisions"}],"predecessor-version":[{"id":7860,"href":"https:\/\/strafin-cs.com\/es\/wp-json\/wp\/v2\/pages\/7848\/revisions\/7860"}],"wp:attachment":[{"href":"https:\/\/strafin-cs.com\/es\/wp-json\/wp\/v2\/media?parent=7848"}],"curies":[{"name":"wp","href":"https:\/\/api.w.org\/{rel}","templated":true}]}}